{"id":3495,"date":"2020-02-07T02:16:59","date_gmt":"2020-02-07T02:16:59","guid":{"rendered":"https:\/\/demo.casethemes.net\/consultio-startup\/?page_id=3495"},"modified":"2025-09-08T14:18:00","modified_gmt":"2025-09-08T14:18:00","slug":"quem_somos","status":"publish","type":"page","link":"https:\/\/trevisolliengenharia.com.br\/index.php\/quem_somos\/","title":{"rendered":"Quem Somos"},"content":{"rendered":"\t\t<div data-elementor-type=\"wp-page\" data-elementor-id=\"3495\" class=\"elementor elementor-3495\">\n\t\t\t\t\t\t\t        <section class=\"elementor-section elementor-top-section elementor-element elementor-element-2cbb82cd elementor-section-boxed elementor-section-height-default elementor-section-height-default ct-header-fixed-none ct-row-max-none\" data-id=\"2cbb82cd\" data-element_type=\"section\">\n            \n                        <div class=\"elementor-container elementor-column-gap-extended \">\n                    <div class=\"elementor-column elementor-col-50 elementor-top-column elementor-element elementor-element-228fcd16\" data-id=\"228fcd16\" data-element_type=\"column\">\n            <div class=\"elementor-widget-wrap elementor-element-populated\">\n                        \t\t<div class=\"elementor-element elementor-element-779091a0 elementor-widget elementor-widget-ct_heading\" data-id=\"779091a0\" data-element_type=\"widget\" data-widget_type=\"ct_heading.default\">\n\t\t\t\t<div class=\"elementor-widget-container\">\n\t\t\t<div id=\"ct_heading-779091a0\" class=\"ct-heading h-align- sub-style2 ct-heading-left item-st-default\">\r\n\t<div class=\"ct-item--inner\">\r\n        <div class=\"ct-inline-css\"  data-css=\"\r\n            \">\r\n        <\/div>\r\n            \t\t<div class=\"item--sub-title style2 show-line\">\r\n                                Sobre                                                            <\/div>\r\n    \t        <h3 class=\"item--title st-default wow wow fadeInUp\" data-wow-delay=\"ms\">\r\n                        <span class=\"sp-main\">\r\n                \r\n                &#8220;Sobre a Empresa Trevisolli Engenharia&#8221;\r\n                \r\n                            <\/span>\r\n                    <\/h3>\r\n    <\/div>\r\n<\/div>\t\t<\/div>\n\t\t\t\t<\/div>\n\t\t\t\t<div class=\"elementor-element elementor-element-bea9e0 wow fadeInUp elementor-widget elementor-widget-text-editor\" data-id=\"bea9e0\" data-element_type=\"widget\" data-widget_type=\"text-editor.default\">\n\t\t\t\t<div class=\"elementor-widget-container\">\n\t\t\t<style>\/*! elementor - v3.17.0 - 08-11-2023 *\/\n.elementor-widget-text-editor.elementor-drop-cap-view-stacked .elementor-drop-cap{background-color:#69727d;color:#fff}.elementor-widget-text-editor.elementor-drop-cap-view-framed .elementor-drop-cap{color:#69727d;border:3px solid;background-color:transparent}.elementor-widget-text-editor:not(.elementor-drop-cap-view-default) .elementor-drop-cap{margin-top:8px}.elementor-widget-text-editor:not(.elementor-drop-cap-view-default) .elementor-drop-cap-letter{width:1em;height:1em}.elementor-widget-text-editor .elementor-drop-cap{float:left;text-align:center;line-height:1;font-size:50px}.elementor-widget-text-editor .elementor-drop-cap-letter{display:inline-block}<\/style>\t\t\t\t<p>Experi\u00eancia de 8 anos<\/p><p>Com dire\u00e7\u00e3o do Engenheiro Eletricista Gabriel Trevisolli, conta com uma equipe t\u00e9cnica altamente qualificada e especializada que se antecipa aos problemas com as melhores solu\u00e7\u00f5es em projetos e servi\u00e7os com total qualidade e comprometimento. Disp\u00f5e ao cliente uma grande aten\u00e7\u00e3o nos or\u00e7amentos para esclarecer todas suas necessidades e exig\u00eancias; na visita t\u00e9cnica at\u00e9 a finaliza\u00e7\u00e3o de sua obra.<\/p>\t\t\t\t\t\t<\/div>\n\t\t\t\t<\/div>\n\t\t            <\/div>\n        <\/div>\n                <div class=\"elementor-column elementor-col-50 elementor-top-column elementor-element elementor-element-77c02943\" data-id=\"77c02943\" data-element_type=\"column\">\n            <div class=\"elementor-widget-wrap elementor-element-populated\">\n                        \t\t<div class=\"elementor-element elementor-element-5ea506f2 wow fadeInRight elementor-widget elementor-widget-image\" data-id=\"5ea506f2\" data-element_type=\"widget\" data-widget_type=\"image.default\">\n\t\t\t\t<div class=\"elementor-widget-container\">\n\t\t\t<style>\/*! elementor - v3.17.0 - 08-11-2023 *\/\n.elementor-widget-image{text-align:center}.elementor-widget-image a{display:inline-block}.elementor-widget-image a img[src$=\".svg\"]{width:48px}.elementor-widget-image img{vertical-align:middle;display:inline-block}<\/style>\t\t\t\t\t\t\t\t\t\t\t\t<img decoding=\"async\" width=\"1709\" height=\"2560\" src=\"https:\/\/trevisolliengenharia.com.br\/wp-content\/uploads\/2025\/09\/Laudo-Leal-Fot-Gabriel-Trevisolli-24-1-scaled.jpg\" class=\"attachment-full size-full wp-image-4506\" alt=\"\" srcset=\"https:\/\/trevisolliengenharia.com.br\/wp-content\/uploads\/2025\/09\/Laudo-Leal-Fot-Gabriel-Trevisolli-24-1-scaled.jpg 1709w, https:\/\/trevisolliengenharia.com.br\/wp-content\/uploads\/2025\/09\/Laudo-Leal-Fot-Gabriel-Trevisolli-24-1-200x300.jpg 200w, https:\/\/trevisolliengenharia.com.br\/wp-content\/uploads\/2025\/09\/Laudo-Leal-Fot-Gabriel-Trevisolli-24-1-684x1024.jpg 684w, https:\/\/trevisolliengenharia.com.br\/wp-content\/uploads\/2025\/09\/Laudo-Leal-Fot-Gabriel-Trevisolli-24-1-768x1150.jpg 768w, https:\/\/trevisolliengenharia.com.br\/wp-content\/uploads\/2025\/09\/Laudo-Leal-Fot-Gabriel-Trevisolli-24-1-1025x1536.jpg 1025w, https:\/\/trevisolliengenharia.com.br\/wp-content\/uploads\/2025\/09\/Laudo-Leal-Fot-Gabriel-Trevisolli-24-1-1367x2048.jpg 1367w\" sizes=\"(max-width: 1709px) 100vw, 1709px\" \/>\t\t\t\t\t\t\t\t\t\t\t\t\t\t\t<\/div>\n\t\t\t\t<\/div>\n\t\t            <\/div>\n        <\/div>\n                            <\/div>\n        <\/section>\n                <section class=\"elementor-section elementor-top-section elementor-element elementor-element-1ab80a8b elementor-section-stretched elementor-section-boxed elementor-section-height-default elementor-section-height-default ct-header-fixed-none ct-row-max-none\" data-id=\"1ab80a8b\" data-element_type=\"section\" data-settings=\"{&quot;stretch_section&quot;:&quot;section-stretched&quot;,&quot;background_background&quot;:&quot;classic&quot;}\">\n            \n                        <div class=\"elementor-container elementor-column-gap-extended \">\n                    <div class=\"elementor-column elementor-col-100 elementor-top-column elementor-element elementor-element-32fee671\" data-id=\"32fee671\" data-element_type=\"column\">\n            <div class=\"elementor-widget-wrap elementor-element-populated\">\n                                <section class=\"elementor-section elementor-inner-section elementor-element elementor-element-6817ea3b elementor-section-content-middle elementor-section-boxed elementor-section-height-default elementor-section-height-default ct-header-fixed-none ct-row-max-none\" data-id=\"6817ea3b\" data-element_type=\"section\">\n            \n                        <div class=\"elementor-container elementor-column-gap-extended \">\n                    <div class=\"elementor-column elementor-col-50 elementor-inner-column elementor-element elementor-element-715c356f\" data-id=\"715c356f\" data-element_type=\"column\">\n            <div class=\"elementor-widget-wrap elementor-element-populated\">\n                        \t\t<div class=\"elementor-element elementor-element-3abec386 elementor-widget elementor-widget-ct_heading\" data-id=\"3abec386\" data-element_type=\"widget\" data-widget_type=\"ct_heading.default\">\n\t\t\t\t<div class=\"elementor-widget-container\">\n\t\t\t<div id=\"ct_heading-3abec386\" class=\"ct-heading h-align- sub-style2 ct-heading-left item-st-default\">\r\n\t<div class=\"ct-item--inner\">\r\n        <div class=\"ct-inline-css\"  data-css=\"\r\n            \">\r\n        <\/div>\r\n            \t\t<div class=\"item--sub-title style2 show-line\">\r\n                                Bio                                                            <\/div>\r\n    \t        <h3 class=\"item--title st-default wow wow fadeInLeft\" data-wow-delay=\"ms\">\r\n                        <span class=\"sp-main\">\r\n                \r\n                Biografia\r\n                                    <span class=\"ct-typingout-typed\" data-period=\"600\" data-type='[ S\u00f3cio Fundador ]'>\r\n                        <span class=\"ct-typingout-animation\"><\/span>\r\n                    <\/span>\r\n                \r\n                            <\/span>\r\n                    <\/h3>\r\n    <\/div>\r\n<\/div>\t\t<\/div>\n\t\t\t\t<\/div>\n\t\t            <\/div>\n        <\/div>\n                <div class=\"elementor-column elementor-col-50 elementor-inner-column elementor-element elementor-element-77d20289\" data-id=\"77d20289\" data-element_type=\"column\">\n            <div class=\"elementor-widget-wrap elementor-element-populated\">\n                        \t\t<div class=\"elementor-element elementor-element-3b23cbde wow fadeInRight elementor-widget elementor-widget-text-editor\" data-id=\"3b23cbde\" data-element_type=\"widget\" data-widget_type=\"text-editor.default\">\n\t\t\t\t<div class=\"elementor-widget-container\">\n\t\t\t\t\t\t\t\t\t\t\t\t\t<\/div>\n\t\t\t\t<\/div>\n\t\t            <\/div>\n        <\/div>\n                            <\/div>\n        <\/section>\n        \t\t<div class=\"elementor-element elementor-element-47165bfd elementor-widget elementor-widget-ct_testimonial_carousel\" data-id=\"47165bfd\" data-element_type=\"widget\" data-widget_type=\"ct_testimonial_carousel.default\">\n\t\t\t\t<div class=\"elementor-widget-container\">\n\t\t\t    <div class=\"ct-testimonial ct-testimonial-carousel3 ct-slick-slider\">\r\n        <div class=\"ct-carousel-inner\">\r\n            <div class=\"ct-slick-carousel slick-arrow-style2 nav-middle1\" data-arrows=\"\" data-dots=\"true\" data-pauseOnHover=\"\" data-autoplay=\"\" data-autoplaySpeed=\"5000\" data-infinite=\"true\" data-speed=\"500\" data-colxs=\"1\" data-colsm=\"1\" data-colmd=\"2\" data-collg=\"3\" data-colxl=\"3\" data-slidesToScroll=\"2\" data-dir=\"false\">\r\n                                        <div class=\"slick-slide\">\r\n                            <div class=\"item--inner wow flipInX\">\r\n                                <div class=\"item--description\">\u201cMoro em Bauru, tenho 33 anos e sou Engenheiro Eletricista formado pela Universidade Paulista - UNIP em 2017. Tenho forma\u00e7\u00e3o como T\u00e9cnico em Eletromec\u00e2nica, em 2012, e tamb\u00e9m Eletricista de Manuten\u00e7\u00e3o Industrial e Predial, em 2007, pelo Senai Bauru.\nExer\u00e7o minha profiss\u00e3o h\u00e1 18 anos,\nespecializando-me na \u00e1rea de manuten\u00e7\u00e3o e instala\u00e7\u00e3o el\u00e9trica, alarmes de inc\u00eandio, redes de hidrantes, sprinklers, spda e energia solar.\u201d<\/div>\r\n                                <div class=\"item--holder\">\r\n                                                                            <div class=\"item--image\">\r\n                                            <img decoding=\"async\" class=\"\" src=\"https:\/\/trevisolliengenharia.com.br\/wp-content\/uploads\/2025\/09\/Laudo-Leal-Fot-Gabriel-Trevisolli-24-scaled-122x122.jpg\" width=\"122\" height=\"122\" alt=\"Laudo Leal Fot Gabriel Trevisolli-24\" title=\"Laudo Leal Fot Gabriel Trevisolli-24\" \/>                                        <\/div>\r\n                                                                        <div class=\"item--meta\">\r\n                                        <h3 class=\"item--title\">    \r\n                                            Gabriel Trevisolli                                        <\/h3>\r\n                                        <div class=\"item--position\">S\u00f3cio Fundador<\/div>\r\n                                        <div class=\"item-rating\">\r\n                                            <i class=\"fac fac-star\"><\/i>\r\n                                            <i class=\"fac fac-star\"><\/i>\r\n                                            <i class=\"fac fac-star\"><\/i>\r\n                                            <i class=\"fac fac-star\"><\/i>\r\n                                            <i class=\"fac fac-star\"><\/i>\r\n                                        <\/div>\r\n                                    <\/div>\r\n                                <\/div>\r\n                           <\/div>\r\n                        <\/div>\r\n                            <\/div>\r\n        <\/div>\r\n    <\/div>\r\n\t\t<\/div>\n\t\t\t\t<\/div>\n\t\t            <\/div>\n        <\/div>\n                            <\/div>\n        <\/section>\n        \t\t\t\t\t<\/div>\n\t\t","protected":false},"excerpt":{"rendered":"<p>Sobre &#8220;Sobre a Empresa Trevisolli Engenharia&#8221; Experi\u00eancia de 8 anos Com dire\u00e7\u00e3o do Engenheiro Eletricista Gabriel Trevisolli, conta com uma equipe t\u00e9cnica altamente qualificada e especializada que se antecipa aos problemas com as melhores solu\u00e7\u00f5es em projetos e servi\u00e7os com total qualidade e comprometimento. Disp\u00f5e ao cliente uma grande aten\u00e7\u00e3o nos or\u00e7amentos para esclarecer todas [&hellip;]<\/p>\n","protected":false},"author":1,"featured_media":0,"parent":0,"menu_order":0,"comment_status":"closed","ping_status":"closed","template":"","meta":{"footnotes":""},"class_list":["post-3495","page","type-page","status-publish","hentry"],"_links":{"self":[{"href":"https:\/\/trevisolliengenharia.com.br\/index.php\/wp-json\/wp\/v2\/pages\/3495","targetHints":{"allow":["GET"]}}],"collection":[{"href":"https:\/\/trevisolliengenharia.com.br\/index.php\/wp-json\/wp\/v2\/pages"}],"about":[{"href":"https:\/\/trevisolliengenharia.com.br\/index.php\/wp-json\/wp\/v2\/types\/page"}],"author":[{"embeddable":true,"href":"https:\/\/trevisolliengenharia.com.br\/index.php\/wp-json\/wp\/v2\/users\/1"}],"replies":[{"embeddable":true,"href":"https:\/\/trevisolliengenharia.com.br\/index.php\/wp-json\/wp\/v2\/comments?post=3495"}],"version-history":[{"count":15,"href":"https:\/\/trevisolliengenharia.com.br\/index.php\/wp-json\/wp\/v2\/pages\/3495\/revisions"}],"predecessor-version":[{"id":4509,"href":"https:\/\/trevisolliengenharia.com.br\/index.php\/wp-json\/wp\/v2\/pages\/3495\/revisions\/4509"}],"wp:attachment":[{"href":"https:\/\/trevisolliengenharia.com.br\/index.php\/wp-json\/wp\/v2\/media?parent=3495"}],"curies":[{"name":"wp","href":"https:\/\/api.w.org\/{rel}","templated":true}]}}